{"id":120322,"date":"2025-07-17T02:10:21","date_gmt":"2025-07-17T02:10:21","guid":{"rendered":"https:\/\/diana-ortiz.com\/?page_id=120322"},"modified":"2025-07-24T21:55:12","modified_gmt":"2025-07-24T21:55:12","slug":"illustration","status":"publish","type":"page","link":"https:\/\/diana-ortiz.com\/es\/illustration\/","title":{"rendered":"Ilustraci\u00f3n"},"content":{"rendered":"<div class=\"wpb-content-wrapper\"><div data-parent=\"true\" class=\"vc_row row-container\" id=\"row-unique-0\"><div class=\"row triple-top-padding triple-bottom-padding single-h-padding limit-width row-parent\" data-height-ratio=\"20\"><div class=\"wpb_row row-inner\"><div class=\"wpb_column pos-middle pos-center align_center column_parent col-lg-12 single-internal-gutter\"><div class=\"uncol style-light\"  ><div class=\"uncoltable\"><div class=\"uncell\" ><div class=\"uncont one-block-padding col-custom-width\" style=\" max-width:900px;\" ><div class=\"vc_custom_heading_wrap\"><div class=\"heading-text el-text\" ><h1 class=\"font-136269 fontsize-155944 fontheight-179065\" ><span>Proyectos de ilustraci\u00f3n<\/span><\/h1><\/div><div class=\"clear\"><\/div><\/div><div class=\"vc_custom_heading_wrap\"><div class=\"heading-text el-text\" ><h2 class=\"font-175345 h4 fontheight-524109 fontspace-781688 font-weight-400\" ><span>He creado ilustraciones para libros, contenidos educativos, proyectos editoriales, m\u00fasica e iniciativas p\u00fablicas; cada una es el resultado de un proceso guiado por la observaci\u00f3n, la investigaci\u00f3n y un respeto silencioso por la idea que la origina.\nEsta galer\u00eda re\u00fane momentos en los que el lenguaje visual encontr\u00f3 su prop\u00f3sito.<\/span><\/h2><\/div><div class=\"clear\"><\/div><\/div><\/div><\/div><\/div><\/div><\/div><script id=\"script-row-unique-0\" data-row=\"script-row-unique-0\" type=\"text\/javascript\" class=\"vc_controls\">UNCODE.initRow(document.getElementById(\"row-unique-0\"));<\/script><\/div><\/div><\/div><div data-parent=\"true\" class=\"vc_row row-container\" id=\"row-unique-1\"><div class=\"row col-half-gutter single-top-padding double-bottom-padding double-h-padding full-width row-parent\"><div class=\"wpb_row row-inner\"><div class=\"wpb_column pos-top pos-center align_left column_parent col-lg-12 double-internal-gutter\"><div class=\"uncol style-light\"  ><div class=\"uncoltable\"><div class=\"uncell no-block-padding\" ><div class=\"uncont\" ><div id=\"index-581783158\" class=\"isotope-system isotope-general-light grid-general-light\" >\n\t\t\t\n\t\t\t\t\t\t\t\t\t\t\t\t\t\t<div class=\"isotope-wrapper grid-wrapper single-gutter\" >\t\t\t\t\t\t\t\t\t\t\t\t<div class=\"isotope-container grid-container isotope-layout style-masonry isotope-pagination grid-pagination\" data-type=\"masonry\" data-layout=\"fitRows\" data-lg=\"1000\" data-md=\"600\" data-sm=\"480\" data-vp-height=\"\">\t\t\t<div class=\"tmb atc-typography-inherit tmb-iso-w3 tmb-iso-h4 tmb-light tmb-overlay-text-anim tmb-overlay-anim tmb-content-center tmb-image-anim  grid-cat-30 grid-cat-32 tmb-id-159315 tmb-img-ratio tmb-content-under tmb-media-first tmb-no-bg\" ><div class=\"t-inside no-anim\" ><div class=\"t-entry-visual\"><div class=\"t-entry-visual-tc\"><div class=\"t-entry-visual-cont\"><div class=\"dummy\" style=\"padding-top: 75%;\"><\/div><a role=\"button\" tabindex=\"-1\" href=\"https:\/\/diana-ortiz.com\/es\/portfolio\/center-gallery-full-layout-4\/\" class=\"pushed\" target=\"_self\" data-lb-index=\"0\"><div class=\"t-entry-visual-overlay\"><div class=\"t-entry-visual-overlay-in style-color-wayh-bg\" style=\"opacity: 0.5;\"><\/div><\/div><div class=\"t-overlay-wrap\"><div class=\"t-overlay-inner\">\n\t\t\t\t\t\t\t\t\t\t\t\t\t\t<div class=\"t-overlay-content\">\n\t\t\t\t\t\t\t\t\t\t\t\t\t\t\t<div class=\"t-overlay-text half-block-padding\"><div class=\"t-entry t-single-line\"><i class=\"fa fa-plus2 t-icon-size-sm t-overlay-icon\"><\/i><\/div><\/div><\/div><\/div><\/div><img decoding=\"async\" class=\"wp-image-159340\" src=\"https:\/\/diana-ortiz.com\/wp-content\/uploads\/2021\/12\/C24_UNOi_BE_AQ_AN_ARW_BC_PRIN_77_97-scaled-uai-1954x1466.jpg\" width=\"1954\" height=\"1466\" alt=\"\" \/><\/a><\/div>\n\t\t\t\t\t<\/div>\n\t\t\t\t<\/div><div class=\"t-entry-text\">\n\t\t\t\t\t\t\t\t\t<div class=\"t-entry-text-tc half-block-padding\"><div class=\"t-entry\"><h3 class=\"t-entry-title h6 title-scale\"><a href=\"https:\/\/diana-ortiz.com\/es\/portfolio\/center-gallery-full-layout-4\/\" target=\"_self\">Awesome Reader and Writer UNOi Santillana<\/a><\/h3><\/div><\/div>\n\t\t\t\t\t\t\t<\/div><\/div><\/div><div class=\"tmb atc-typography-inherit tmb-iso-w3 tmb-iso-h4 tmb-light tmb-overlay-text-anim tmb-overlay-anim tmb-content-center tmb-image-anim  grid-cat-30 tmb-id-159275 tmb-img-ratio tmb-content-under tmb-media-first tmb-no-bg\" ><div class=\"t-inside no-anim\" ><div class=\"t-entry-visual\"><div class=\"t-entry-visual-tc\"><div class=\"t-entry-visual-cont\"><div class=\"dummy\" style=\"padding-top: 75%;\"><\/div><a role=\"button\" tabindex=\"-1\" href=\"https:\/\/diana-ortiz.com\/es\/portfolio\/center-gallery-full-layout-2\/\" class=\"pushed\" aria-label=\"No le pidas peras al olmo\"  target=\"_self\" data-lb-index=\"1\"><div class=\"t-entry-visual-overlay\"><div class=\"t-entry-visual-overlay-in style-color-wayh-bg\" style=\"opacity: 0.5;\"><\/div><\/div><div class=\"t-overlay-wrap\"><div class=\"t-overlay-inner\">\n\t\t\t\t\t\t\t\t\t\t\t\t\t\t<div class=\"t-overlay-content\">\n\t\t\t\t\t\t\t\t\t\t\t\t\t\t\t<div class=\"t-overlay-text half-block-padding\"><div class=\"t-entry t-single-line\"><i class=\"fa fa-plus2 t-icon-size-sm t-overlay-icon\"><\/i><\/div><\/div><\/div><\/div><\/div><img decoding=\"async\" class=\"wp-image-120146\" src=\"https:\/\/diana-ortiz.com\/wp-content\/uploads\/2023\/09\/Diana-Ivette-Ortiz-Vazquez-Diaorva-illustradora-El-informador-2-uai-1386x1039.jpg\" width=\"1386\" height=\"1039\" alt=\"No le pidas peras al olmo\" \/><\/a><\/div>\n\t\t\t\t\t<\/div>\n\t\t\t\t<\/div><div class=\"t-entry-text\">\n\t\t\t\t\t\t\t\t\t<div class=\"t-entry-text-tc half-block-padding\"><div class=\"t-entry\"><h3 class=\"t-entry-title h6 title-scale\"><a href=\"https:\/\/diana-ortiz.com\/es\/portfolio\/center-gallery-full-layout-2\/\" target=\"_self\">El informador Newspaper<\/a><\/h3><\/div><\/div>\n\t\t\t\t\t\t\t<\/div><\/div><\/div><div class=\"tmb atc-typography-inherit tmb-iso-w3 tmb-iso-h4 tmb-light tmb-overlay-text-anim tmb-overlay-anim tmb-content-center tmb-image-anim  grid-cat-30 tmb-id-4071 tmb-img-ratio tmb-content-under tmb-media-first tmb-no-bg\" ><div class=\"t-inside no-anim\" ><div class=\"t-entry-visual\"><div class=\"t-entry-visual-tc\"><div class=\"t-entry-visual-cont\"><div class=\"dummy\" style=\"padding-top: 75%;\"><\/div><a role=\"button\" tabindex=\"-1\" href=\"https:\/\/diana-ortiz.com\/es\/portfolio\/center-gallery-full-layout\/\" class=\"pushed\" target=\"_self\" data-lb-index=\"2\"><div class=\"t-entry-visual-overlay\"><div class=\"t-entry-visual-overlay-in style-color-wayh-bg\" style=\"opacity: 0.5;\"><\/div><\/div><div class=\"t-overlay-wrap\"><div class=\"t-overlay-inner\">\n\t\t\t\t\t\t\t\t\t\t\t\t\t\t<div class=\"t-overlay-content\">\n\t\t\t\t\t\t\t\t\t\t\t\t\t\t\t<div class=\"t-overlay-text half-block-padding\"><div class=\"t-entry t-single-line\"><i class=\"fa fa-plus2 t-icon-size-sm t-overlay-icon\"><\/i><\/div><\/div><\/div><\/div><\/div><img decoding=\"async\" class=\"wp-image-119713\" src=\"https:\/\/diana-ortiz.com\/wp-content\/uploads\/2023\/07\/Diana-Ivette-Ortiz-Vazquez-Benzulul-Eraclio-Zepeda-designer-illustracion-illustration-uai-1066x800.jpg\" width=\"1066\" height=\"800\" alt=\"\" \/><\/a><\/div>\n\t\t\t\t\t<\/div>\n\t\t\t\t<\/div><div class=\"t-entry-text\">\n\t\t\t\t\t\t\t\t\t<div class=\"t-entry-text-tc half-block-padding\"><div class=\"t-entry\"><h3 class=\"t-entry-title h6 title-scale\"><a href=\"https:\/\/diana-ortiz.com\/es\/portfolio\/center-gallery-full-layout\/\" target=\"_self\">Benzulul<\/a><\/h3><\/div><\/div>\n\t\t\t\t\t\t\t<\/div><\/div><\/div><div class=\"tmb atc-typography-inherit tmb-iso-w3 tmb-iso-h4 tmb-light tmb-overlay-text-anim tmb-overlay-anim tmb-content-center tmb-image-anim  grid-cat-30 grid-cat-32 tmb-id-159300 tmb-img-ratio tmb-content-under tmb-media-first tmb-no-bg\" ><div class=\"t-inside no-anim\" ><div class=\"t-entry-visual\"><div class=\"t-entry-visual-tc\"><div class=\"t-entry-visual-cont\"><div class=\"dummy\" style=\"padding-top: 75%;\"><\/div><a role=\"button\" tabindex=\"-1\" href=\"https:\/\/diana-ortiz.com\/es\/portfolio\/center-gallery-full-layout-3\/\" class=\"pushed\" target=\"_self\" data-lb-index=\"3\"><div class=\"t-entry-visual-overlay\"><div class=\"t-entry-visual-overlay-in style-color-wayh-bg\" style=\"opacity: 0.5;\"><\/div><\/div><div class=\"t-overlay-wrap\"><div class=\"t-overlay-inner\">\n\t\t\t\t\t\t\t\t\t\t\t\t\t\t<div class=\"t-overlay-content\">\n\t\t\t\t\t\t\t\t\t\t\t\t\t\t\t<div class=\"t-overlay-text half-block-padding\"><div class=\"t-entry t-single-line\"><i class=\"fa fa-plus2 t-icon-size-sm t-overlay-icon\"><\/i><\/div><\/div><\/div><\/div><\/div><img decoding=\"async\" class=\"wp-image-119725\" src=\"https:\/\/diana-ortiz.com\/wp-content\/uploads\/2023\/07\/Diana-Ortiz-diaorva-contest-illustration-CDMX-RTP-designer-concurso-camion-2-uai-1333x1000.jpg\" width=\"1333\" height=\"1000\" alt=\"\" \/><\/a><\/div>\n\t\t\t\t\t<\/div>\n\t\t\t\t<\/div><div class=\"t-entry-text\">\n\t\t\t\t\t\t\t\t\t<div class=\"t-entry-text-tc half-block-padding\"><div class=\"t-entry\"><h3 class=\"t-entry-title h6 title-scale\"><a href=\"https:\/\/diana-ortiz.com\/es\/portfolio\/center-gallery-full-layout-3\/\" target=\"_self\">Public Passenger Transportation Service Illustration Contest<\/a><\/h3><\/div><\/div>\n\t\t\t\t\t\t\t<\/div><\/div><\/div><div class=\"tmb atc-typography-inherit tmb-iso-w3 tmb-iso-h4 tmb-light tmb-overlay-text-anim tmb-overlay-anim tmb-content-center tmb-image-anim  grid-cat-30 grid-cat-37 tmb-id-159267 tmb-img-ratio tmb-content-under tmb-media-first tmb-no-bg\" ><div class=\"t-inside no-anim\" ><div class=\"t-entry-visual\"><div class=\"t-entry-visual-tc\"><div class=\"t-entry-visual-cont\"><div class=\"dummy\" style=\"padding-top: 74.9%;\"><\/div><a role=\"button\" tabindex=\"-1\" href=\"https:\/\/diana-ortiz.com\/es\/portfolio\/center-stack-full-layout-2\/\" class=\"pushed\" target=\"_self\" data-lb-index=\"4\"><div class=\"t-entry-visual-overlay\"><div class=\"t-entry-visual-overlay-in style-color-wayh-bg\" style=\"opacity: 0.5;\"><\/div><\/div><div class=\"t-overlay-wrap\"><div class=\"t-overlay-inner\">\n\t\t\t\t\t\t\t\t\t\t\t\t\t\t<div class=\"t-overlay-content\">\n\t\t\t\t\t\t\t\t\t\t\t\t\t\t\t<div class=\"t-overlay-text half-block-padding\"><div class=\"t-entry t-single-line\"><i class=\"fa fa-plus2 t-icon-size-sm t-overlay-icon\"><\/i><\/div><\/div><\/div><\/div><\/div><img decoding=\"async\" class=\"wp-image-119740\" src=\"https:\/\/diana-ortiz.com\/wp-content\/uploads\/2023\/07\/MiMundo1-Diana-Ivette-Ortiz-Vazquez-diaorva-designer-ilustradora-santillana-5-uai-838x628.jpg\" width=\"838\" height=\"628\" alt=\"\" \/><\/a><\/div>\n\t\t\t\t\t<\/div>\n\t\t\t\t<\/div><div class=\"t-entry-text\">\n\t\t\t\t\t\t\t\t\t<div class=\"t-entry-text-tc half-block-padding\"><div class=\"t-entry\"><h3 class=\"t-entry-title h6 title-scale\"><a href=\"https:\/\/diana-ortiz.com\/es\/portfolio\/center-stack-full-layout-2\/\" target=\"_self\">Mi Mundo 1\u00ba Santillana<\/a><\/h3><\/div><\/div>\n\t\t\t\t\t\t\t<\/div><\/div><\/div>\t\t<\/div>\t\n\t\n\n\t<\/div>\t\t\t<div class=\"isotope-footer grid-footer style-light without-bg single-gutter\">\n\t\t\t\t\t<\/div>\n\t\t\t\t<\/div>\n<\/div><\/div><\/div><\/div><\/div><script id=\"script-row-unique-1\" data-row=\"script-row-unique-1\" type=\"text\/javascript\" class=\"vc_controls\">UNCODE.initRow(document.getElementById(\"row-unique-1\"));<\/script><\/div><\/div><\/div><section data-parent=\"true\" class=\"vc_section style-color-lxmt-bg row-container\" id=\"section-unique-0\"><div class=\"row-background background-element\" style=\"opacity: 1;\">\n\t\t\t\t\t\t\t\t\t\t\t<div class=\"background-wrapper\">\n\t\t\t\t\t\t\t\t\t\t\t\t<div class=\"background-inner\"><\/div>\n\t\t\t\t\t\t\t\t\t\t\t\t<div class=\"block-bg-overlay style-color-gyho-bg\" style=\"opacity: 0.5;\"><\/div>\n\t\t\t\t\t\t\t\t\t\t\t<\/div>\n\t\t\t\t\t\t\t\t\t\t<\/div><div class=\"row no-top-padding no-bottom-padding no-h-padding full-width row-parent\"><div data-parent=\"true\" class=\"vc_row row-container\" id=\"row-unique-2\"><div class=\"row limit-width row-parent\"><div class=\"wpb_row row-inner\"><div class=\"wpb_column pos-top pos-center align_center column_parent col-lg-12 single-internal-gutter\"><div class=\"uncol style-light\"  ><div class=\"uncoltable\"><div class=\"uncell  vc_custom_1741132313925 no-block-padding\" style=\"padding-top: 20px ;padding-bottom: 20px ;\" ><div class=\"uncont\" ><div class=\"vc_custom_heading_wrap\"><div class=\"heading-text el-text\" ><h2 class=\"h2\" ><span>Let&#8217;s Colaborate!<\/span><\/h2><\/div><div class=\"clear\"><\/div><\/div><div class=\"uncode_text_column vc_custom_1741132180988\"  style=\"padding-top: 0px ;\"><\/p>\n<p class=\"p1\" style=\"text-align: center;\">Estoy abierta a nuevas oportunidades y colaboraciones.\nSi buscas una dise\u00f1adora UX\/UI, dise\u00f1adora gr\u00e1fica o ilustradora, conversemos.<\/p>\n<p>\n<\/div><span class=\"btn-container\" ><a role=\"button\"  href=\"https:\/\/diana-ortiz.com\/es\/creative-director\/\" class=\"custom-link btn btn-lg border-width-0 btn-accent btn-icon-left\" title=\"Contacto\">Let&#8217;s connect<\/a><\/span><\/div><\/div><\/div><\/div><\/div><script id=\"script-row-unique-2\" data-row=\"script-row-unique-2\" type=\"text\/javascript\" class=\"vc_controls\">UNCODE.initRow(document.getElementById(\"row-unique-2\"));<\/script><\/div><\/div><\/div><script id=\"script-section-unique-0\" data-section=\"script-section-unique-0\" type=\"text\/javascript\">UNCODE.initSection(document.getElementById(\"section-unique-0\"));<\/script><\/div><\/section>\n<\/div>","protected":false},"excerpt":{"rendered":"","protected":false},"author":1,"featured_media":0,"parent":0,"menu_order":0,"comment_status":"closed","ping_status":"closed","template":"","meta":{"footnotes":""},"yoast_head":"<!-- This site is optimized with the Yoast SEO plugin v21.1 - https:\/\/yoast.com\/wordpress\/plugins\/seo\/ -->\n<title>Illustration - Diana Ortiz<\/title>\n<meta name=\"robots\" content=\"index, follow, max-snippet:-1, max-image-preview:large, max-video-preview:-1\" \/>\n<link rel=\"canonical\" href=\"https:\/\/diana-ortiz.com\/es\/illustration\/\" \/>\n<meta property=\"og:locale\" content=\"es_MX\" \/>\n<meta property=\"og:type\" content=\"article\" \/>\n<meta property=\"og:title\" content=\"Illustration - Diana Ortiz\" \/>\n<meta property=\"og:url\" content=\"https:\/\/diana-ortiz.com\/es\/illustration\/\" \/>\n<meta property=\"og:site_name\" content=\"Diana Ortiz\" \/>\n<meta property=\"article:modified_time\" content=\"2025-07-24T21:55:12+00:00\" \/>\n<meta name=\"twitter:card\" content=\"summary_large_image\" \/>\n<meta name=\"twitter:label1\" content=\"Tiempo de lectura\" \/>\n\t<meta name=\"twitter:data1\" content=\"1 minuto\" \/>\n<script type=\"application\/ld+json\" class=\"yoast-schema-graph\">{\"@context\":\"https:\/\/schema.org\",\"@graph\":[{\"@type\":\"WebPage\",\"@id\":\"https:\/\/diana-ortiz.com\/illustration\/\",\"url\":\"https:\/\/diana-ortiz.com\/illustration\/\",\"name\":\"Illustration - Diana Ortiz\",\"isPartOf\":{\"@id\":\"https:\/\/diana-ortiz.com\/#website\"},\"datePublished\":\"2025-07-17T02:10:21+00:00\",\"dateModified\":\"2025-07-24T21:55:12+00:00\",\"breadcrumb\":{\"@id\":\"https:\/\/diana-ortiz.com\/illustration\/#breadcrumb\"},\"inLanguage\":\"es-MX\",\"potentialAction\":[{\"@type\":\"ReadAction\",\"target\":[\"https:\/\/diana-ortiz.com\/illustration\/\"]}]},{\"@type\":\"BreadcrumbList\",\"@id\":\"https:\/\/diana-ortiz.com\/illustration\/#breadcrumb\",\"itemListElement\":[{\"@type\":\"ListItem\",\"position\":1,\"name\":\"Home\",\"item\":\"https:\/\/diana-ortiz.com\/\"},{\"@type\":\"ListItem\",\"position\":2,\"name\":\"Illustration\"}]},{\"@type\":\"WebSite\",\"@id\":\"https:\/\/diana-ortiz.com\/#website\",\"url\":\"https:\/\/diana-ortiz.com\/\",\"name\":\"Diana Ortiz UX Portfolio\",\"description\":\"UX and Graphic Designer transforms Ideas into Functional Solutions.\",\"publisher\":{\"@id\":\"https:\/\/diana-ortiz.com\/#\/schema\/person\/52750d1f77ec9dd18a99470d633407f9\"},\"potentialAction\":[{\"@type\":\"SearchAction\",\"target\":{\"@type\":\"EntryPoint\",\"urlTemplate\":\"https:\/\/diana-ortiz.com\/?s={search_term_string}\"},\"query-input\":\"required name=search_term_string\"}],\"inLanguage\":\"es-MX\"},{\"@type\":[\"Person\",\"Organization\"],\"@id\":\"https:\/\/diana-ortiz.com\/#\/schema\/person\/52750d1f77ec9dd18a99470d633407f9\",\"name\":\"Diana Ortiz UX\",\"image\":{\"@type\":\"ImageObject\",\"inLanguage\":\"es-MX\",\"@id\":\"https:\/\/diana-ortiz.com\/#\/schema\/person\/image\/\",\"url\":\"https:\/\/diana-ortiz.com\/wp-content\/uploads\/2023\/07\/favicon-Diana-Ortiz.jpg\",\"contentUrl\":\"https:\/\/diana-ortiz.com\/wp-content\/uploads\/2023\/07\/favicon-Diana-Ortiz.jpg\",\"width\":200,\"height\":200,\"caption\":\"Diana Ortiz UX\"},\"logo\":{\"@id\":\"https:\/\/diana-ortiz.com\/#\/schema\/person\/image\/\"},\"description\":\"UX and Graphic Designer\",\"sameAs\":[\"https:\/\/diana-ortiz.com\"]}]}<\/script>\n<!-- \/ Yoast SEO plugin. -->","yoast_head_json":{"title":"Illustration - Diana Ortiz","robots":{"index":"index","follow":"follow","max-snippet":"max-snippet:-1","max-image-preview":"max-image-preview:large","max-video-preview":"max-video-preview:-1"},"canonical":"https:\/\/diana-ortiz.com\/es\/illustration\/","og_locale":"es_MX","og_type":"article","og_title":"Illustration - Diana Ortiz","og_url":"https:\/\/diana-ortiz.com\/es\/illustration\/","og_site_name":"Diana Ortiz","article_modified_time":"2025-07-24T21:55:12+00:00","twitter_card":"summary_large_image","twitter_misc":{"Tiempo de lectura":"1 minuto"},"schema":{"@context":"https:\/\/schema.org","@graph":[{"@type":"WebPage","@id":"https:\/\/diana-ortiz.com\/illustration\/","url":"https:\/\/diana-ortiz.com\/illustration\/","name":"Illustration - Diana Ortiz","isPartOf":{"@id":"https:\/\/diana-ortiz.com\/#website"},"datePublished":"2025-07-17T02:10:21+00:00","dateModified":"2025-07-24T21:55:12+00:00","breadcrumb":{"@id":"https:\/\/diana-ortiz.com\/illustration\/#breadcrumb"},"inLanguage":"es-MX","potentialAction":[{"@type":"ReadAction","target":["https:\/\/diana-ortiz.com\/illustration\/"]}]},{"@type":"BreadcrumbList","@id":"https:\/\/diana-ortiz.com\/illustration\/#breadcrumb","itemListElement":[{"@type":"ListItem","position":1,"name":"Home","item":"https:\/\/diana-ortiz.com\/"},{"@type":"ListItem","position":2,"name":"Illustration"}]},{"@type":"WebSite","@id":"https:\/\/diana-ortiz.com\/#website","url":"https:\/\/diana-ortiz.com\/","name":"Diana Ortiz UX Portfolio","description":"UX and Graphic Designer transforms Ideas into Functional Solutions.","publisher":{"@id":"https:\/\/diana-ortiz.com\/#\/schema\/person\/52750d1f77ec9dd18a99470d633407f9"},"potentialAction":[{"@type":"SearchAction","target":{"@type":"EntryPoint","urlTemplate":"https:\/\/diana-ortiz.com\/?s={search_term_string}"},"query-input":"required name=search_term_string"}],"inLanguage":"es-MX"},{"@type":["Person","Organization"],"@id":"https:\/\/diana-ortiz.com\/#\/schema\/person\/52750d1f77ec9dd18a99470d633407f9","name":"Diana Ortiz UX","image":{"@type":"ImageObject","inLanguage":"es-MX","@id":"https:\/\/diana-ortiz.com\/#\/schema\/person\/image\/","url":"https:\/\/diana-ortiz.com\/wp-content\/uploads\/2023\/07\/favicon-Diana-Ortiz.jpg","contentUrl":"https:\/\/diana-ortiz.com\/wp-content\/uploads\/2023\/07\/favicon-Diana-Ortiz.jpg","width":200,"height":200,"caption":"Diana Ortiz UX"},"logo":{"@id":"https:\/\/diana-ortiz.com\/#\/schema\/person\/image\/"},"description":"UX and Graphic Designer","sameAs":["https:\/\/diana-ortiz.com"]}]}},"_links":{"self":[{"href":"https:\/\/diana-ortiz.com\/es\/wp-json\/wp\/v2\/pages\/120322"}],"collection":[{"href":"https:\/\/diana-ortiz.com\/es\/wp-json\/wp\/v2\/pages"}],"about":[{"href":"https:\/\/diana-ortiz.com\/es\/wp-json\/wp\/v2\/types\/page"}],"author":[{"embeddable":true,"href":"https:\/\/diana-ortiz.com\/es\/wp-json\/wp\/v2\/users\/1"}],"replies":[{"embeddable":true,"href":"https:\/\/diana-ortiz.com\/es\/wp-json\/wp\/v2\/comments?post=120322"}],"version-history":[{"count":19,"href":"https:\/\/diana-ortiz.com\/es\/wp-json\/wp\/v2\/pages\/120322\/revisions"}],"predecessor-version":[{"id":159462,"href":"https:\/\/diana-ortiz.com\/es\/wp-json\/wp\/v2\/pages\/120322\/revisions\/159462"}],"wp:attachment":[{"href":"https:\/\/diana-ortiz.com\/es\/wp-json\/wp\/v2\/media?parent=120322"}],"curies":[{"name":"wp","href":"https:\/\/api.w.org\/{rel}","templated":true}]}}