{"id":65805,"date":"2017-09-04T14:54:31","date_gmt":"2017-09-04T12:54:31","guid":{"rendered":"https:\/\/undsgn.com\/uncode\/?page_id=65805"},"modified":"2025-07-22T22:13:45","modified_gmt":"2025-07-22T22:13:45","slug":"creative-director","status":"publish","type":"page","link":"https:\/\/diana-ortiz.com\/es\/creative-director\/","title":{"rendered":"Contacto"},"content":{"rendered":"<div class=\"wpb-content-wrapper\"><div data-parent=\"true\" class=\"vc_row style-color-xsdn-bg row-container onepage-section\" data-label=\"Contact\" data-name=\"contact\" id=\"row-unique-0\"><div class=\"row-background background-element\">\n\t\t\t\t\t\t\t\t\t\t\t<div class=\"background-wrapper\">\n\t\t\t\t\t\t\t\t\t\t\t\t<div class=\"background-inner\" style=\"background-image: url(https:\/\/diana-ortiz.com\/wp-content\/uploads\/2025\/03\/contact-background.jpg);background-repeat: no-repeat;background-position: center top;background-attachment: scroll;background-size: cover;\"><\/div>\n\t\t\t\t\t\t\t\t\t\t\t\t\n\t\t\t\t\t\t\t\t\t\t\t<\/div>\n\t\t\t\t\t\t\t\t\t\t<\/div><div class=\"row col-double-gutter limit-width row-parent\" data-height-ratio=\"full\"><div class=\"wpb_row row-inner\"><div class=\"wpb_column pos-middle pos-center align_left column_parent col-lg-12 no-internal-gutter\"><div class=\"uncol style-light animate_when_almost_visible bottom-t-top\"  data-delay=\"200\"><div class=\"uncoltable\"><div class=\"uncell no-block-padding\" ><div class=\"uncont\" ><div class=\"vc_row row-internal row-container\"><div class=\"row col-double-gutter row-child\"><div class=\"wpb_row row-inner\"><div class=\"wpb_column pos-top pos-center align_left column_child col-lg-12 half-internal-gutter\"><div class=\"uncol style-light\" ><div class=\"uncoltable\"><div class=\"uncell no-block-padding\" ><div class=\"uncont\" style=\" max-width:50%;\" ><div class=\"vc_custom_heading_wrap\"><div class=\"heading-text el-text\" ><h6 class=\"font-136269 fontspace-781688 font-weight-600 text-uppercase\" ><span>Let&#8217;s connect!<\/span><\/h6><\/div><div class=\"clear\"><\/div><\/div><div class=\"vc_custom_heading_wrap\"><div class=\"heading-text el-text\" ><h1 class=\"font-136269 fontsize-338686 fontheight-179065 text-color-105898-color\" ><span>Cont\u00e1ctame<\/span><\/h1><\/div><div class=\"clear\"><\/div><\/div><div class=\"vc_custom_heading_wrap\"><div class=\"heading-text el-text\" ><h2 class=\"font-175345 h4 fontheight-357766 fontspace-781688 font-weight-400\" ><span><\/p><\/span><span><p class=\"p1\">\u00a1Creemos algo incre\u00edble juntos! Si est\u00e1s buscando <span class=\"s1\">una dise\u00f1adora UX\/UI, gr\u00e1fica o ilustradora<\/span>, me encantar\u00eda colaborar. Ya sea que necesites un dise\u00f1ador para tu equipo, un proyecto freelance o una asesor\u00eda, hablemos.<\/p><\/span><span><p><\/span><\/h2><\/div><div class=\"clear\"><\/div><\/div>\n<div class=\"wpcf7 no-js\" id=\"wpcf7-f118151-o1\" lang=\"en-US\" dir=\"ltr\">\n<div class=\"screen-reader-response\"><p role=\"status\" aria-live=\"polite\" aria-atomic=\"true\"><\/p> <ul><\/ul><\/div>\n<form action=\"\/es\/wp-json\/wp\/v2\/pages\/65805#wpcf7-f118151-o1\" method=\"post\" class=\"wpcf7-form init\" aria-label=\"Contact form\" novalidate=\"novalidate\" data-status=\"init\" data-trp-original-action=\"\/es\/wp-json\/wp\/v2\/pages\/65805#wpcf7-f118151-o1\">\n<div style=\"display: none;\">\n<input type=\"hidden\" name=\"_wpcf7\" value=\"118151\" \/>\n<input type=\"hidden\" name=\"_wpcf7_version\" value=\"5.7.7\" \/>\n<input type=\"hidden\" name=\"_wpcf7_locale\" value=\"en_US\" \/>\n<input type=\"hidden\" name=\"_wpcf7_unit_tag\" value=\"wpcf7-f118151-o1\" \/>\n<input type=\"hidden\" name=\"_wpcf7_container_post\" value=\"0\" \/>\n<input type=\"hidden\" name=\"_wpcf7_posted_data_hash\" value=\"\" \/>\n<\/div>\n<p>Nombre (requerido)\n<\/p>\n<p><span class=\"wpcf7-form-control-wrap\" data-name=\"your-firstname\"><input size=\"40\" class=\"wpcf7-form-control wpcf7-text wpcf7-validates-as-required form-fluid\" aria-required=\"true\" aria-invalid=\"false\" value=\"\" type=\"text\" name=\"your-firstname\" \/><\/span>\n<\/p>\n<p>Correo (requerido)\n<\/p>\n<p><span class=\"wpcf7-form-control-wrap\" data-name=\"your-email\"><input size=\"40\" class=\"wpcf7-form-control wpcf7-text wpcf7-email wpcf7-validates-as-required wpcf7-validates-as-email form-fluid\" aria-required=\"true\" aria-invalid=\"false\" value=\"\" type=\"email\" name=\"your-email\" \/><\/span>\n<\/p>\n<p>Asunto\n<\/p>\n<p><span class=\"wpcf7-form-control-wrap\" data-name=\"your-subject\"><input size=\"40\" class=\"wpcf7-form-control wpcf7-text form-fluid\" aria-invalid=\"false\" value=\"\" type=\"text\" name=\"your-subject\" \/><\/span>\n<\/p>\n<p>Mensaje\n<\/p>\n<p><span class=\"wpcf7-form-control-wrap\" data-name=\"your-message\"><textarea cols=\"40\" rows=\"8\" class=\"wpcf7-form-control wpcf7-textarea\" aria-invalid=\"false\" name=\"your-message\"><\/textarea><\/span>\n<\/p>\n<p><input class=\"wpcf7-form-control has-spinner wpcf7-submit btn btn-accent\" type=\"submit\" value=\"Cont\u00e1ctame\" \/>\n<\/p><p style=\"display: none !important;\" class=\"akismet-fields-container\" data-prefix=\"_wpcf7_ak_\"><label>&#916;<textarea name=\"_wpcf7_ak_hp_textarea\" cols=\"45\" rows=\"8\" maxlength=\"100\"><\/textarea><\/label><input type=\"hidden\" id=\"ak_js_1\" name=\"_wpcf7_ak_js\" value=\"111\"\/><script>document.getElementById( \"ak_js_1\" ).setAttribute( \"value\", ( new Date() ).getTime() );<\/script><\/p><div class=\"wpcf7-response-output\" aria-hidden=\"true\"><\/div>\n<input type=\"hidden\" name=\"trp-form-language\" value=\"es\"\/><\/form>\n<\/div>\n<\/div><\/div><\/div><\/div><\/div><\/div><\/div><\/div><\/div><\/div><\/div><\/div><\/div><script id=\"script-row-unique-0\" data-row=\"script-row-unique-0\" type=\"text\/javascript\" class=\"vc_controls\">UNCODE.initRow(document.getElementById(\"row-unique-0\"));<\/script><\/div><\/div><\/div>\n<\/div>","protected":false},"excerpt":{"rendered":"Let's connect!Get in touchLet\u2019s create something great together! If you\u2019re looking for a UX\/UI designer, graphic designer, or illustrator, I\u2019d [...]","protected":false},"author":1,"featured_media":0,"parent":0,"menu_order":0,"comment_status":"closed","ping_status":"closed","template":"","meta":{"footnotes":""},"yoast_head":"<!-- This site is optimized with the Yoast SEO plugin v21.1 - https:\/\/yoast.com\/wordpress\/plugins\/seo\/ -->\n<title>Contact - Diana Ortiz<\/title>\n<meta name=\"robots\" content=\"index, follow, max-snippet:-1, max-image-preview:large, max-video-preview:-1\" \/>\n<link rel=\"canonical\" href=\"https:\/\/diana-ortiz.com\/es\/creative-director\/\" \/>\n<meta property=\"og:locale\" content=\"es_MX\" \/>\n<meta property=\"og:type\" content=\"article\" \/>\n<meta property=\"og:title\" content=\"Contact - Diana Ortiz\" \/>\n<meta property=\"og:url\" content=\"https:\/\/diana-ortiz.com\/es\/creative-director\/\" \/>\n<meta property=\"og:site_name\" content=\"Diana Ortiz\" \/>\n<meta property=\"article:modified_time\" content=\"2025-07-22T22:13:45+00:00\" \/>\n<meta name=\"twitter:card\" content=\"summary_large_image\" \/>\n<meta name=\"twitter:label1\" content=\"Tiempo de lectura\" \/>\n\t<meta name=\"twitter:data1\" content=\"1 minuto\" \/>\n<script type=\"application\/ld+json\" class=\"yoast-schema-graph\">{\"@context\":\"https:\/\/schema.org\",\"@graph\":[{\"@type\":\"WebPage\",\"@id\":\"https:\/\/diana-ortiz.com\/creative-director\/\",\"url\":\"https:\/\/diana-ortiz.com\/creative-director\/\",\"name\":\"Contact - Diana Ortiz\",\"isPartOf\":{\"@id\":\"https:\/\/diana-ortiz.com\/#website\"},\"datePublished\":\"2017-09-04T12:54:31+00:00\",\"dateModified\":\"2025-07-22T22:13:45+00:00\",\"breadcrumb\":{\"@id\":\"https:\/\/diana-ortiz.com\/creative-director\/#breadcrumb\"},\"inLanguage\":\"es-MX\",\"potentialAction\":[{\"@type\":\"ReadAction\",\"target\":[\"https:\/\/diana-ortiz.com\/creative-director\/\"]}]},{\"@type\":\"BreadcrumbList\",\"@id\":\"https:\/\/diana-ortiz.com\/creative-director\/#breadcrumb\",\"itemListElement\":[{\"@type\":\"ListItem\",\"position\":1,\"name\":\"Home\",\"item\":\"https:\/\/diana-ortiz.com\/\"},{\"@type\":\"ListItem\",\"position\":2,\"name\":\"Contact\"}]},{\"@type\":\"WebSite\",\"@id\":\"https:\/\/diana-ortiz.com\/#website\",\"url\":\"https:\/\/diana-ortiz.com\/\",\"name\":\"Diana Ortiz UX Portfolio\",\"description\":\"UX and Graphic Designer transforms Ideas into Functional Solutions.\",\"publisher\":{\"@id\":\"https:\/\/diana-ortiz.com\/#\/schema\/person\/52750d1f77ec9dd18a99470d633407f9\"},\"potentialAction\":[{\"@type\":\"SearchAction\",\"target\":{\"@type\":\"EntryPoint\",\"urlTemplate\":\"https:\/\/diana-ortiz.com\/?s={search_term_string}\"},\"query-input\":\"required name=search_term_string\"}],\"inLanguage\":\"es-MX\"},{\"@type\":[\"Person\",\"Organization\"],\"@id\":\"https:\/\/diana-ortiz.com\/#\/schema\/person\/52750d1f77ec9dd18a99470d633407f9\",\"name\":\"Diana Ortiz UX\",\"image\":{\"@type\":\"ImageObject\",\"inLanguage\":\"es-MX\",\"@id\":\"https:\/\/diana-ortiz.com\/#\/schema\/person\/image\/\",\"url\":\"https:\/\/diana-ortiz.com\/wp-content\/uploads\/2023\/07\/favicon-Diana-Ortiz.jpg\",\"contentUrl\":\"https:\/\/diana-ortiz.com\/wp-content\/uploads\/2023\/07\/favicon-Diana-Ortiz.jpg\",\"width\":200,\"height\":200,\"caption\":\"Diana Ortiz UX\"},\"logo\":{\"@id\":\"https:\/\/diana-ortiz.com\/#\/schema\/person\/image\/\"},\"description\":\"UX and Graphic Designer\",\"sameAs\":[\"https:\/\/diana-ortiz.com\"]}]}<\/script>\n<!-- \/ Yoast SEO plugin. -->","yoast_head_json":{"title":"Contact - Diana Ortiz","robots":{"index":"index","follow":"follow","max-snippet":"max-snippet:-1","max-image-preview":"max-image-preview:large","max-video-preview":"max-video-preview:-1"},"canonical":"https:\/\/diana-ortiz.com\/es\/creative-director\/","og_locale":"es_MX","og_type":"article","og_title":"Contact - Diana Ortiz","og_url":"https:\/\/diana-ortiz.com\/es\/creative-director\/","og_site_name":"Diana Ortiz","article_modified_time":"2025-07-22T22:13:45+00:00","twitter_card":"summary_large_image","twitter_misc":{"Tiempo de lectura":"1 minuto"},"schema":{"@context":"https:\/\/schema.org","@graph":[{"@type":"WebPage","@id":"https:\/\/diana-ortiz.com\/creative-director\/","url":"https:\/\/diana-ortiz.com\/creative-director\/","name":"Contact - Diana Ortiz","isPartOf":{"@id":"https:\/\/diana-ortiz.com\/#website"},"datePublished":"2017-09-04T12:54:31+00:00","dateModified":"2025-07-22T22:13:45+00:00","breadcrumb":{"@id":"https:\/\/diana-ortiz.com\/creative-director\/#breadcrumb"},"inLanguage":"es-MX","potentialAction":[{"@type":"ReadAction","target":["https:\/\/diana-ortiz.com\/creative-director\/"]}]},{"@type":"BreadcrumbList","@id":"https:\/\/diana-ortiz.com\/creative-director\/#breadcrumb","itemListElement":[{"@type":"ListItem","position":1,"name":"Home","item":"https:\/\/diana-ortiz.com\/"},{"@type":"ListItem","position":2,"name":"Contact"}]},{"@type":"WebSite","@id":"https:\/\/diana-ortiz.com\/#website","url":"https:\/\/diana-ortiz.com\/","name":"Diana Ortiz UX Portfolio","description":"UX and Graphic Designer transforms Ideas into Functional Solutions.","publisher":{"@id":"https:\/\/diana-ortiz.com\/#\/schema\/person\/52750d1f77ec9dd18a99470d633407f9"},"potentialAction":[{"@type":"SearchAction","target":{"@type":"EntryPoint","urlTemplate":"https:\/\/diana-ortiz.com\/?s={search_term_string}"},"query-input":"required name=search_term_string"}],"inLanguage":"es-MX"},{"@type":["Person","Organization"],"@id":"https:\/\/diana-ortiz.com\/#\/schema\/person\/52750d1f77ec9dd18a99470d633407f9","name":"Diana Ortiz UX","image":{"@type":"ImageObject","inLanguage":"es-MX","@id":"https:\/\/diana-ortiz.com\/#\/schema\/person\/image\/","url":"https:\/\/diana-ortiz.com\/wp-content\/uploads\/2023\/07\/favicon-Diana-Ortiz.jpg","contentUrl":"https:\/\/diana-ortiz.com\/wp-content\/uploads\/2023\/07\/favicon-Diana-Ortiz.jpg","width":200,"height":200,"caption":"Diana Ortiz UX"},"logo":{"@id":"https:\/\/diana-ortiz.com\/#\/schema\/person\/image\/"},"description":"UX and Graphic Designer","sameAs":["https:\/\/diana-ortiz.com"]}]}},"_links":{"self":[{"href":"https:\/\/diana-ortiz.com\/es\/wp-json\/wp\/v2\/pages\/65805"}],"collection":[{"href":"https:\/\/diana-ortiz.com\/es\/wp-json\/wp\/v2\/pages"}],"about":[{"href":"https:\/\/diana-ortiz.com\/es\/wp-json\/wp\/v2\/types\/page"}],"author":[{"embeddable":true,"href":"https:\/\/diana-ortiz.com\/es\/wp-json\/wp\/v2\/users\/1"}],"replies":[{"embeddable":true,"href":"https:\/\/diana-ortiz.com\/es\/wp-json\/wp\/v2\/comments?post=65805"}],"version-history":[{"count":54,"href":"https:\/\/diana-ortiz.com\/es\/wp-json\/wp\/v2\/pages\/65805\/revisions"}],"predecessor-version":[{"id":159260,"href":"https:\/\/diana-ortiz.com\/es\/wp-json\/wp\/v2\/pages\/65805\/revisions\/159260"}],"wp:attachment":[{"href":"https:\/\/diana-ortiz.com\/es\/wp-json\/wp\/v2\/media?parent=65805"}],"curies":[{"name":"wp","href":"https:\/\/api.w.org\/{rel}","templated":true}]}}